{"id":95,"date":"2025-05-04T11:33:11","date_gmt":"2025-05-04T11:33:11","guid":{"rendered":"https:\/\/darkorange-chimpanzee-653546.hostingersite.com\/?page_id=95"},"modified":"2025-05-04T11:33:53","modified_gmt":"2025-05-04T11:33:53","slug":"politica-de-cookies","status":"publish","type":"page","link":"https:\/\/pomodoromotril.com\/en\/politica-de-cookies\/","title":{"rendered":"Pol\u00edtica de Cookies"},"content":{"rendered":"<div data-elementor-type=\"wp-page\" data-elementor-id=\"95\" class=\"elementor elementor-95\" data-elementor-post-type=\"page\">\n\t\t\t\t<div class=\"elementor-element elementor-element-c088a6d e-con-full e-flex e-con e-parent\" data-id=\"c088a6d\" data-element_type=\"container\" data-e-type=\"container\">\n\t\t<div class=\"elementor-element elementor-element-cef4e86 e-flex e-con-boxed e-con e-child\" data-id=\"cef4e86\" data-element_type=\"container\" data-e-type=\"container\">\n\t\t\t\t\t<div class=\"e-con-inner\">\n\t\t\t\t<div class=\"elementor-element elementor-element-947080c elementor-widget elementor-widget-heading\" data-id=\"947080c\" data-element_type=\"widget\" data-e-type=\"widget\" data-widget_type=\"heading.default\">\n\t\t\t\t<div class=\"elementor-widget-container\">\n\t\t\t\t\t<h2 class=\"elementor-heading-title elementor-size-default\">Pol\u00edtica de cookies<\/h2>\t\t\t\t<\/div>\n\t\t\t\t<\/div>\n\t\t\t\t\t<\/div>\n\t\t\t\t<\/div>\n\t\t<div class=\"elementor-element elementor-element-797ec7b e-flex e-con-boxed e-con e-child\" data-id=\"797ec7b\" data-element_type=\"container\" data-e-type=\"container\">\n\t\t\t\t\t<div class=\"e-con-inner\">\n\t\t\t\t<div class=\"elementor-element elementor-element-50338d5 elementor-widget elementor-widget-text-editor\" data-id=\"50338d5\" data-element_type=\"widget\" data-e-type=\"widget\" data-widget_type=\"text-editor.default\">\n\t\t\t\t<div class=\"elementor-widget-container\">\n\t\t\t\t\t\t\t\t\t<p>En\u00a0<strong>LA EMPRESA<\/strong>\u00a0utilizamos cookies con el objetivo de prestar un mejor servicio y proporcionarte una mejor experiencia en tu navegaci\u00f3n. Queremos informarte de manera clara y precisa sobre las cookies que utilizamos, detallando a continuaci\u00f3n, qu\u00e9 es una cookie, para qu\u00e9 sirve, qu\u00e9 tipos de cookies utilizamos, cu\u00e1les son sus finalidades y c\u00f3mo puedes configurarlas o deshabilitarlas si as\u00ed lo deseas.<\/p><p><strong>\u00bfQu\u00e9 son las cookies?<\/strong><\/p><p>Una \u00abcookie\u00bb es un peque\u00f1o archivo que se almacena en el ordenador del usuario, tablet, smartphone o cualquier otro dispositivo con informaci\u00f3n sobre la navegaci\u00f3n.<\/p><p>Las cookies nos ayudan a mejorar la calidad de nuestra web.<\/p><p>Las cookies son esenciales para el funcionamiento de Internet, aportando innumerables ventajas, facilit\u00e1ndote la navegaci\u00f3n y usabilidad de nuestra web. En ning\u00fan caso las cookies podr\u00edan da\u00f1ar tu equipo. Por contra, el que est\u00e9n activas nos ayuda a conocer el rendimiento de la p\u00e1gina web, qu\u00e9 debemos modificar y los problemas que pueden surgir.<\/p><p><strong>\u00bfQu\u00e9 tipos de cookies utilizamos?<\/strong><\/p><p><strong>\u00a0\u00a0 1) Seg\u00fan la entidad que las gestiona<\/strong><\/p><p><strong>\u2013 Cookies propias<\/strong><\/p><p>Son aquellas que se env\u00edan a tu equipo desde nuestros propios equipos o dominios y desde el que prestamos el servicio que nos solicitas.<\/p><p><strong>\u2013 Cookies de terceros<\/strong><\/p><p>Son aquellas que se env\u00edan a tu equipo desde un equipo o dominio que no es gestionado por nosotros, sino por otra entidad colaboradora. Como por ejemplo, las usadas por redes sociales, o por contenido externo como Google Maps.<\/p><p><strong>\u00a0\u00a0 2) Seg\u00fan el plazo de tiempo que permanecen activadas<\/strong><\/p><p><strong>\u2013 Cookies de sesi\u00f3n<\/strong><\/p><p>Son cookies temporales que permanecen en el archivo de cookies de tu navegador hasta que abandonas la p\u00e1gina web, por lo que ninguna queda registrada en el disco duro de tu ordenador. La informaci\u00f3n obtenida por medio de estas cookies sirve para analizar pautas de tr\u00e1fico en la web. A la larga, esto nos permite proporcionar una mejor experiencia para mejorar el contenido y facilitar su uso.<\/p><p><strong>\u2013 Cookies persistentes<\/strong><\/p><p>Son almacenadas en el disco duro y nuestra web las lee cada vez que realizas una nueva visita. Una cookie permanente posee una fecha de expiraci\u00f3n determinada. La cookie dejar\u00e1 de funcionar despu\u00e9s de esa fecha o cuando la elimines. Estas cookies las utilizamos, generalmente, para facilitar los servicios de compra y registro.<\/p><p><strong>\u00a0\u00a0 3) Seg\u00fan su finalidad<\/strong><\/p><p><strong>\u2013 Cookies t\u00e9cnicas<\/strong><\/p><p>Son aquellas necesarias para la navegaci\u00f3n y el buen funcionamiento de nuestra p\u00e1gina web. Permiten, por ejemplo, controlar el tr\u00e1fico y la comunicaci\u00f3n de datos, acceder a partes de acceso restringido, realizar el proceso de compra de un pedido, utilizar elementos de seguridad, almacenar contenidos para poder difundir v\u00eddeos o compartir contenidos a trav\u00e9s de redes sociales.<\/p><p><strong>\u2013 Cookies de personalizaci\u00f3n<\/strong><\/p><p>Son aquellas que te permiten acceder al servicio con unas caracter\u00edsticas predefinidas en funci\u00f3n de una serie de criterios, como por ejemplo el idioma, el tipo de navegador a trav\u00e9s del cual se accede al servicio, la configuraci\u00f3n regional desde donde se accede al servicio, etc.<\/p><p><strong>\u2013 Cookies de an\u00e1lisis<\/strong><\/p><p>Son aquellas que nos permiten cuantificar el n\u00famero de usuarios y as\u00ed realizar la medici\u00f3n y an\u00e1lisis estad\u00edstico de la utilizaci\u00f3n que hacen los usuarios de los servicios prestados. Para ello, se analiza su navegaci\u00f3n en nuestra p\u00e1gina web con el fin de mejorar la oferta de productos y servicios que ofrecemos.<\/p><p><strong>\u2013 Cookies publicitarias<\/strong><\/p><p>Son aquellas que permiten la gesti\u00f3n, de la forma m\u00e1s eficaz posible, de los espacios publicitarios que se pudieran incluir en nuestra p\u00e1gina web.<\/p><p><strong>\u2013 Cookies de publicidad comportamental<\/strong><\/p><p>Estas cookies almacenan informaci\u00f3n del comportamiento de los usuarios obtenida a trav\u00e9s de la observaci\u00f3n continuada. Gracias a ellas, podemos conocer los h\u00e1bitos de navegaci\u00f3n en internet y mostrarte publicidad relacionada con tu perfil de navegaci\u00f3n.<\/p><p>Por otra parte, idealista utiliza cookies para las que no es necesario obtener el consentimiento de los usuarios, por estar excluidas de la aplicaci\u00f3n de la Ley 34\/2002, de 11 de julio, de Servicios de la Sociedad de la Informaci\u00f3n y de Comercio Electr\u00f3nico (\u00abLSSI\u00bb). Por ejemplo, podemos utilizar cookies de sesi\u00f3n que nos permitir\u00e1n identificarte cuando accedas al sitio web.<\/p><p><strong>Finalidad de cada una de las cookies utilizadas<\/strong><\/p><p>A continuaci\u00f3n detallamos las cookies utilizadas en nuestra web y la finalidad de las mismas<strong>:<\/strong><\/p><ul class=\"wp-block-list\"><li>Google Analytics | Proveedor: Google | Finalidad: Anal\u00edticas | Descripci\u00f3n: Esta aplicaci\u00f3n ha sido desarrollada por Google, que nos presta el servicio de an\u00e1lisis de la audiencia de nuestra p\u00e1gina. Esta empresa puede utilizar estos datos para mejorar sus propios servicios y para ofrecer servicios a otras empresas. Puedes conocer esos otros usos desde los enlaces indicados. | + Info: www.google.com\/analytics\/ y www.google.es\/intl\/es\/analytics\/privacyoverview.html<\/li><li>Google Adwords | Proveedor: Google | Finalidad: Publicidad | Descripci\u00f3n: Esta aplicaci\u00f3n ha sido desarrollada por Google, que nos presta el servicio de an\u00e1lisis de la audiencia de nuestra p\u00e1gina. Esta empresa puede utilizar estos datos para mejorar sus propios servicios y para ofrecer servicios a otras empresas. Puedes conocer esos otros usos desde los enlaces indicados. | + Info: www.google.es\/ads\/adwords y www.google.es\/intl\/es\/policies\/technologies\/cookies<\/li><li>Zopim: www.zopim.com y www.zopim.com\/privacy#cookie .Esta aplicaci\u00f3n ha sido desarrollada por Zopim, que nos presta el servicio de an\u00e1lisis de la audiencia de nuestra p\u00e1gina. Esta empresa puede utilizar estos datos para mejorar sus propios servicios y para ofrecer servicios a otras empresas. Puedes conocer esos otros usos desde los enlaces indicados.<\/li><\/ul><p><strong>C\u00f3mo obtenemos tu consentimiento para instalar cookies, y c\u00f3mo puedes revocarlo<\/strong><\/p><p>Al acceder al sitio web por primera vez recibir\u00e1s un aviso acerca del uso de cookies. En esta primera capa, se te informar\u00e1 sobre el tipo de cookies que utilizamos, las finalidades para las cuales las utilizamos, y se te proporcionar\u00e1 un enlace a esta Pol\u00edtica de Cookies, donde puedes encontrar m\u00e1s informaci\u00f3n detallada. Si contin\u00faas navegando, estar\u00e1s dando tu consentimiento para que instalemos las cookies conforme a lo descrito en esta pol\u00edtica.<\/p><p>Puedes revocar tu consentimiento para el uso de las cookies en cualquier momento. Para ello, tienes la posibilidad de deshabilitar las cookies modificando la configuraci\u00f3n de privacidad de tu navegador. A continuaci\u00f3n, te facilitamos enlaces donde puedes encontrar informaci\u00f3n detallada sobre c\u00f3mo configurar las cookies en los principales navegadores:<\/p><p>Chrome \u2013\u00a0<a href=\"https:\/\/support.google.com\/chrome\/answer\/95647?hl=es\" rel=\"noopener\">https:\/\/support.google.com\/chrome\/answer\/95647?hl=es<\/a><\/p><p>Internet Explorer \u2013\u00a0<a href=\"https:\/\/support.microsoft.com\/es-es\/help\/17442\/windows-internet-explorer-delete-manage-cookies\" rel=\"noopener\">https:\/\/support.microsoft.com\/es-es\/help\/17442\/windows-internet-explorer-delete-manage-cookies<\/a><\/p><p>Firefox \u2013\u00a0<a href=\"https:\/\/support.mozilla.org\/es\/kb\/habilitar-y-deshabilitar-cookies-que-los-sitios-we\" rel=\"noopener\">https:\/\/support.mozilla.org\/es\/kb\/habilitar-y-deshabilitar-cookies-que-los-sitios-we<\/a><\/p><p>Safari \u2013\u00a0<a href=\"https:\/\/support.apple.com\/kb\/PH19214?locale=es_ES&amp;viewlocale=es_ES\" rel=\"noopener\">https:\/\/support.apple.com\/kb\/PH19214?locale=es_ES&amp;viewlocale=es_ES<\/a><\/p><p>Si tienes cualquier duda sobre el uso que hacemos de las cookies o sobre la configuraci\u00f3n o revocaci\u00f3n del consentimiento, puedes ponerte en contacto con nosotros envi\u00e1ndonos un correo electr\u00f3nico a\u00a0<strong><a title=\"\" href=\"mailto:info@pomodoropizza.es\">info@pomodoropizza.es<\/a><\/strong><\/p>\t\t\t\t\t\t\t\t<\/div>\n\t\t\t\t<\/div>\n\t\t\t\t\t<\/div>\n\t\t\t\t<\/div>\n\t\t\t\t<\/div>\n\t\t\t\t<\/div>","protected":false},"excerpt":{"rendered":"<p>Pol\u00edtica de cookies En\u00a0LA EMPRESA\u00a0utilizamos cookies con el objetivo de prestar un mejor servicio y proporcionarte una mejor experiencia en tu navegaci\u00f3n. Queremos informarte de manera clara y precisa sobre las cookies que utilizamos, detallando a continuaci\u00f3n, qu\u00e9 es una cookie, para qu\u00e9 sirve, qu\u00e9 tipos de cookies utilizamos, cu\u00e1les son sus finalidades y c\u00f3mo [&hellip;]<\/p>","protected":false},"author":1,"featured_media":0,"parent":0,"menu_order":0,"comment_status":"closed","ping_status":"closed","template":"elementor_header_footer","meta":{"footnotes":""},"class_list":["post-95","page","type-page","status-publish","hentry"],"_links":{"self":[{"href":"https:\/\/pomodoromotril.com\/en\/wp-json\/wp\/v2\/pages\/95","targetHints":{"allow":["GET"]}}],"collection":[{"href":"https:\/\/pomodoromotril.com\/en\/wp-json\/wp\/v2\/pages"}],"about":[{"href":"https:\/\/pomodoromotril.com\/en\/wp-json\/wp\/v2\/types\/page"}],"author":[{"embeddable":true,"href":"https:\/\/pomodoromotril.com\/en\/wp-json\/wp\/v2\/users\/1"}],"replies":[{"embeddable":true,"href":"https:\/\/pomodoromotril.com\/en\/wp-json\/wp\/v2\/comments?post=95"}],"version-history":[{"count":4,"href":"https:\/\/pomodoromotril.com\/en\/wp-json\/wp\/v2\/pages\/95\/revisions"}],"predecessor-version":[{"id":99,"href":"https:\/\/pomodoromotril.com\/en\/wp-json\/wp\/v2\/pages\/95\/revisions\/99"}],"wp:attachment":[{"href":"https:\/\/pomodoromotril.com\/en\/wp-json\/wp\/v2\/media?parent=95"}],"curies":[{"name":"wp","href":"https:\/\/api.w.org\/{rel}","templated":true}]}}