{"id":90,"date":"2025-05-04T11:32:17","date_gmt":"2025-05-04T11:32:17","guid":{"rendered":"https:\/\/darkorange-chimpanzee-653546.hostingersite.com\/?page_id=90"},"modified":"2025-05-04T11:32:52","modified_gmt":"2025-05-04T11:32:52","slug":"politica-de-privacidad","status":"publish","type":"page","link":"https:\/\/pomodoromotril.com\/en\/politica-de-privacidad\/","title":{"rendered":"Pol\u00edtica de Privacidad"},"content":{"rendered":"<div data-elementor-type=\"wp-page\" data-elementor-id=\"90\" class=\"elementor elementor-90\" data-elementor-post-type=\"page\">\n\t\t\t\t<div class=\"elementor-element elementor-element-c088a6d e-con-full e-flex e-con e-parent\" data-id=\"c088a6d\" data-element_type=\"container\" data-e-type=\"container\">\n\t\t<div class=\"elementor-element elementor-element-cef4e86 e-flex e-con-boxed e-con e-child\" data-id=\"cef4e86\" data-element_type=\"container\" data-e-type=\"container\">\n\t\t\t\t\t<div class=\"e-con-inner\">\n\t\t\t\t<div class=\"elementor-element elementor-element-947080c elementor-widget elementor-widget-heading\" data-id=\"947080c\" data-element_type=\"widget\" data-e-type=\"widget\" data-widget_type=\"heading.default\">\n\t\t\t\t<div class=\"elementor-widget-container\">\n\t\t\t\t\t<h2 class=\"elementor-heading-title elementor-size-default\">Pol\u00edtica de privacidad<\/h2>\t\t\t\t<\/div>\n\t\t\t\t<\/div>\n\t\t\t\t\t<\/div>\n\t\t\t\t<\/div>\n\t\t<div class=\"elementor-element elementor-element-797ec7b e-flex e-con-boxed e-con e-child\" data-id=\"797ec7b\" data-element_type=\"container\" data-e-type=\"container\">\n\t\t\t\t\t<div class=\"e-con-inner\">\n\t\t\t\t<div class=\"elementor-element elementor-element-50338d5 elementor-widget elementor-widget-text-editor\" data-id=\"50338d5\" data-element_type=\"widget\" data-e-type=\"widget\" data-widget_type=\"text-editor.default\">\n\t\t\t\t<div class=\"elementor-widget-container\">\n\t\t\t\t\t\t\t\t\t<p>Protecci\u00f3n de Datos en conjunci\u00f3n con la normativa aplicable: Pomodoro; (en adelante Pomodoro ), como responsable de la presente web y de conformidad con lo dispuesto en la Ley Org\u00e1nica 15\/1999, de 13 de diciembre, de Protecci\u00f3n de Datos de Car\u00e1cter Personal y en la Ley 34\/2002, de 11 de junio, de Servicios de la Sociedad de la Informaci\u00f3n y del Comercio Electr\u00f3nico, ha puesto en pr\u00e1ctica pol\u00edticas, medios y procedimientos para garantizar y proteger la privacidad de los datos de car\u00e1cter personal de sus USUARIOS.<\/p><p>Identidad y direcci\u00f3n del responsable del fichero. El titular y responsable del fichero es Pomodoro.<\/p><p>Servicios prestados a trav\u00e9s del sitio web. A trav\u00e9s de las distintas \u00e1reas que forman parte de la presente web, los USUARIOS pueden obtener informaci\u00f3n, consultar y contratar servicios ofrecidos en el sitio web. La simple navegaci\u00f3n por la web tiene car\u00e1cter gratuito y no exige el registro previo por parte de los USUARIOS.<\/p><p>Los \u00fanicos datos personales a los que el responsable del fichero tendr\u00e1 acceso ser\u00e1n aquellos que le sean facilitados voluntariamente a fin de posibilitar el acceso, uso o contrataci\u00f3n de los servicios facilitados a trav\u00e9s del sitio web.<\/p><p>Tratamiento de los datos y su confidencialidad. Los datos que se faciliten se incorporar\u00e1n a un fichero automatizado, cuya titularidad y responsabilidad viene ostentada por Pomodoro , y ser\u00e1n tratados con absoluta confidencialidad. La entidad responsable de los ficheros y las entidades a quienes les hayan sido comunicados los datos para su intervenci\u00f3n en cualquier fase del tratamiento \u2014en virtud de la autorizaci\u00f3n conferida por el USUARIO\u2014 est\u00e1n obligadas a observar el secreto profesional, y adoptar\u00e1n los niveles de protecci\u00f3n y las medidas t\u00e9cnicas y organizativas necesarias a su alcance, que garanticen la seguridad de los datos de car\u00e1cter personal, evitando, en la medida de lo posible, accesos no autorizados, modificaciones il\u00edcitas, sustracciones o la p\u00e9rdida de los datos, o todas estas situaciones.<\/p><p>No obstante, se advierte e informa a los USUARIOS que las medidas t\u00e9cnicas no son infalibles ni inexpugnables, motivo por el cual, el responsable del fichero no podr\u00e1 tenerse por responsable de tales pr\u00e1cticas ni de sus consecuencias. Al remitir el interesado sus datos de car\u00e1cter personal y correo electr\u00f3nico a Pomodoro , expresamente AUTORIZA para la utilizaci\u00f3n de dichos datos a los efectos de las comunicaciones peri\u00f3dicas, incluyendo expresamente las que se realicen v\u00eda correo electr\u00f3nico, que Pomodoro; o las entidades filiales de Pomodoro; lleven a cabo con sus clientes, colaboradores y posibles interesados, inform\u00e1ndoles de sus actividades, noticias, promociones, as\u00ed como de cualquier oferta de servicios y productos relacionados con la actividad que desarrolla.<\/p><p>El interesado podr\u00e1 ejercitar respecto a sus datos los derechos de acceso, rectificaci\u00f3n, cancelaci\u00f3n y oposici\u00f3n, enviando un correo electr\u00f3nico a la direcci\u00f3n electr\u00f3nica EMAIL y solicitando, en su caso, que se le remitan por la misma v\u00eda sus datos personales que obren en los ficheros de Pomodoro; a efectos de consulta, rectificaci\u00f3n, cancelaci\u00f3n o revocaci\u00f3n de la autorizaci\u00f3n para la recepci\u00f3n de comunicaciones, debiendo notificar Pomodoro; la efectiva rectificaci\u00f3n o cancelaci\u00f3n de los datos de car\u00e1cter personal de su fichero. Los datos de car\u00e1cter personal de los USUARIOS, junto con los que se originen como consecuencia del acceso, uso o contrataci\u00f3n del servicio, solo podr\u00e1n ser objeto de tratamiento automatizado y de cesi\u00f3n en la forma y con la finalidad establecida y expresamente autorizada por los USUARIOS.<\/p><p>Segmentaci\u00f3n y categorizaci\u00f3n de los datos. El registro de los datos personales aportados en el momento de suscripci\u00f3n o compra de productos, y cualquier otro servicio facilitado durante su relaci\u00f3n, comportar\u00e1 adem\u00e1s la aceptaci\u00f3n de car\u00e1cter voluntario, por su parte, en relaci\u00f3n al tratamiento de dichos datos personales por Pomodoro , a fin de ser segmentados o categorizados con la finalidad de aplicarlos a la actividad relacionada con la gesti\u00f3n de la administraci\u00f3n general, la informaci\u00f3n, la comercializaci\u00f3n de nuestros servicios, la elaboraci\u00f3n de perfiles, el an\u00e1lisis de propuestas solicitadas por los USUARIOS o CLIENTES, y el estudio estad\u00edstico de los productos y contenidos utilizados, gustos y preferencias, encuestas o formularios.<\/p><p><strong>COMUNICACI\u00d3N DE LOS DATOS<\/strong><\/p><p>Facilitar los datos personales por parte de los USUARIOS supone tambi\u00e9n la aceptaci\u00f3n voluntaria y expresa de la cesi\u00f3n y transmisi\u00f3n de dichos datos, con iguales fines que los anteriormente indicados, a otras entidades del entorno de Pomodoro , auxiliares o colaboradoras, o ambas, as\u00ed como la autorizaci\u00f3n al responsable del fichero para recibir de las citadas entidades del entorno de Pomodoro; informaciones obrantes en sus archivos, incluso de forma interconectada, para las finalidades se\u00f1aladas. En concreto, Pomodoro; enviar\u00e1 a terceros informaci\u00f3n que permita su identificaci\u00f3n cuando hayamos obtenido su permiso para compartir dicha informaci\u00f3n; necesitemos compartir dicha informaci\u00f3n para proporcionarle el producto que haya solicitado; necesitemos enviar dicha informaci\u00f3n a Pomodoro que trabajan con Pomodoro; para proporcionarle el producto o servicio que haya solicitado (a menos que le informemos de lo contrario, estas Pomodoro no tienen derecho a utilizar la informaci\u00f3n de identificaci\u00f3n que les suministremos m\u00e1s que en lo necesario para ayudarnos); respondamos a citaciones o requerimientos legales, as\u00ed como a \u00f3rdenes judiciales, o cuando estimemos que sus actividades en nuestro sitio web violan cualquiera de las instrucciones de uso de nuestros productos.<\/p><p>Derechos de los interesados y su ejercicio. Los USUARIOS tienen reconocida por la indicada Ley Org\u00e1nica de Protecci\u00f3n de Datos de Car\u00e1cter Personal los derechos de acceso, rectificaci\u00f3n, cancelaci\u00f3n y oposici\u00f3n, en su caso, respecto a sus datos personales, y al uso, categorizaci\u00f3n y segmentaci\u00f3n de los datos de car\u00e1cter personal. El interesado podr\u00e1 ejercitar, respecto a sus datos, los derechos de acceso, rectificaci\u00f3n, cancelaci\u00f3n y oposici\u00f3n, enviando una carta a \u00abProtecci\u00f3n de datos DIRECCI\u00d3N DE LA Pomodoro \u00bb, o al correo electr\u00f3nico info@pomodoropizza.es, solicitando, en su caso, que se le remitan por la misma v\u00eda sus datos personales que obren en los ficheros de Pomodoro , a los efectos de su consulta o su posible rectificaci\u00f3n, o bien que se cancele o revoque la autorizaci\u00f3n para la recepci\u00f3n de comunicaciones, debiendo notificar Pomodoro; la efectiva rectificaci\u00f3n o cancelaci\u00f3n de los datos de car\u00e1cter personal de su fichero.<\/p><p><strong>POL\u00cdTICA ANTISPAM<\/strong><\/p><p>Las personas que reciben alg\u00fan tipo de de comunicaci\u00f3n, informaci\u00f3n, bolet\u00edn o publicidad electr\u00f3nica de DOMINIO Pomodoro; las reciben por los siguientes motivos:<br \/>\u2014Por el registro online desde esta p\u00e1gina.<br \/>\u2014Por el registro online desde las p\u00e1ginas de colaboradores.<br \/>\u2014Por la solicitud de informaci\u00f3n de nuestros productos y servicios.<br \/>\u2014Por haber facilitado su informaci\u00f3n a alguno de nuestros colaboradores o empleados.<br \/>\u2014Por el registro offline, al rellenar formularios, boletines, solicitudes, etc., que se ofrecen en ferias, oficinas, colaboraciones y que quedan archivadas para ulterior comprobaci\u00f3n durante cinco a\u00f1os.<\/p><p>Nuestras comunicaciones no quieren llegar a ninguna persona que no lo desee. Por ello, y para poder corregir la situaci\u00f3n que a veces puede darse de que alguna persona pueda dar de alta a otra sin su consentimiento, hemos incorporado a este sistema de suscripci\u00f3n un filtro basado en una \u00ablista no contacto\u00bb, que impide que se pueda dar el alta a cualquier direcci\u00f3n de correo incluida en la misma. Por ello, si cualquier usuario no quiere recibir nunca nuestras comunicaciones e impedir que nadie pueda darle de alta contra su voluntad, debe remitir un correo electr\u00f3nico a info@pomodoropizza.es , indicando en el asunto \u00abBAJA LISTA\u00bb y nosotros incluiremos en la Lista no contacto aquella direcci\u00f3n desde la que se nos remita este correo electr\u00f3nico.<\/p><p>Si el usuario tiene alg\u00fan problema para hacerlo de forma electr\u00f3nica, puede contactar con nosotros en el tel\u00e9fono TEL\u00c9FONO Pomodoro en horario de oficina, donde una persona le atender\u00e1 personalmente y realizar\u00e1 dicho tr\u00e1mite.<\/p><p><strong>REQUISITOS DE ACCESO Y COPYRIGHT<\/strong><\/p><p>Requisitos. Para sacar el m\u00e1ximo partido de los contenidos de DOMINIO Pomodoro , es necesario tener instalados los siguientes plugins en su ordenador.<\/p><p>Optimizaci\u00f3n: Esta web est\u00e1 optimizada para su visionado en todo tipo de dispositivos, con cualquier navegador. Todos los derechos reservados, acci\u00f3n p\u00fablica y transformaci\u00f3n.<\/p>\t\t\t\t\t\t\t\t<\/div>\n\t\t\t\t<\/div>\n\t\t\t\t\t<\/div>\n\t\t\t\t<\/div>\n\t\t\t\t<\/div>\n\t\t\t\t<\/div>","protected":false},"excerpt":{"rendered":"<p>Pol\u00edtica de privacidad Protecci\u00f3n de Datos en conjunci\u00f3n con la normativa aplicable: Pomodoro; (en adelante Pomodoro ), como responsable de la presente web y de conformidad con lo dispuesto en la Ley Org\u00e1nica 15\/1999, de 13 de diciembre, de Protecci\u00f3n de Datos de Car\u00e1cter Personal y en la Ley 34\/2002, de 11 de junio, de [&hellip;]<\/p>","protected":false},"author":1,"featured_media":0,"parent":0,"menu_order":0,"comment_status":"closed","ping_status":"closed","template":"elementor_header_footer","meta":{"footnotes":""},"class_list":["post-90","page","type-page","status-publish","hentry"],"_links":{"self":[{"href":"https:\/\/pomodoromotril.com\/en\/wp-json\/wp\/v2\/pages\/90","targetHints":{"allow":["GET"]}}],"collection":[{"href":"https:\/\/pomodoromotril.com\/en\/wp-json\/wp\/v2\/pages"}],"about":[{"href":"https:\/\/pomodoromotril.com\/en\/wp-json\/wp\/v2\/types\/page"}],"author":[{"embeddable":true,"href":"https:\/\/pomodoromotril.com\/en\/wp-json\/wp\/v2\/users\/1"}],"replies":[{"embeddable":true,"href":"https:\/\/pomodoromotril.com\/en\/wp-json\/wp\/v2\/comments?post=90"}],"version-history":[{"count":4,"href":"https:\/\/pomodoromotril.com\/en\/wp-json\/wp\/v2\/pages\/90\/revisions"}],"predecessor-version":[{"id":94,"href":"https:\/\/pomodoromotril.com\/en\/wp-json\/wp\/v2\/pages\/90\/revisions\/94"}],"wp:attachment":[{"href":"https:\/\/pomodoromotril.com\/en\/wp-json\/wp\/v2\/media?parent=90"}],"curies":[{"name":"wp","href":"https:\/\/api.w.org\/{rel}","templated":true}]}}